{"id":26,"date":"2019-08-21T16:14:44","date_gmt":"2019-08-21T14:14:44","guid":{"rendered":"http:\/\/pastorale-scolaire.net\/tournai-secondaire\/?page_id=26"},"modified":"2020-09-22T15:14:03","modified_gmt":"2020-09-22T13:14:03","slug":"accueil","status":"publish","type":"page","link":"http:\/\/pastorale-scolaire.net\/tournai-secondaire\/","title":{"rendered":"Qui sommes-nous?"},"content":{"rendered":"\t\t<div data-elementor-type=\"wp-page\" data-elementor-id=\"26\" class=\"elementor elementor-26\">\n\t\t\t\t\t\t\t\t\t<section class=\"elementor-section elementor-top-section elementor-element elementor-element-f9ed2a8 elementor-section-boxed elementor-section-height-default elementor-section-height-default\" data-id=\"f9ed2a8\" data-element_type=\"section\">\n\t\t\t\t\t\t<div class=\"elementor-container elementor-column-gap-default\">\n\t\t\t\t\t<div class=\"elementor-column elementor-col-100 elementor-top-column elementor-element elementor-element-4ccfe81\" data-id=\"4ccfe81\" data-element_type=\"column\">\n\t\t\t<div class=\"elementor-widget-wrap elementor-element-populated\">\n\t\t\t\t\t\t\t\t<div class=\"elementor-element elementor-element-cf6e3af elementor-widget elementor-widget-heading\" data-id=\"cf6e3af\" data-element_type=\"widget\" data-widget_type=\"heading.default\">\n\t\t\t\t<div class=\"elementor-widget-container\">\n\t\t\t<h2 class=\"elementor-heading-title elementor-size-large\">Equipe de la Pastorale scolaire du dioc\u00e8se de Tournai<\/h2>\t\t<\/div>\n\t\t\t\t<\/div>\n\t\t\t\t\t<\/div>\n\t\t<\/div>\n\t\t\t\t\t\t\t<\/div>\n\t\t<\/section>\n\t\t\t\t<section class=\"elementor-section elementor-top-section elementor-element elementor-element-ad6636e elementor-section-boxed elementor-section-height-default elementor-section-height-default\" data-id=\"ad6636e\" data-element_type=\"section\">\n\t\t\t\t\t\t<div class=\"elementor-container elementor-column-gap-default\">\n\t\t\t\t\t<div class=\"elementor-column elementor-col-100 elementor-top-column elementor-element elementor-element-a22f234\" data-id=\"a22f234\" data-element_type=\"column\">\n\t\t\t<div class=\"elementor-widget-wrap elementor-element-populated\">\n\t\t\t\t\t\t\t\t<div class=\"elementor-element elementor-element-811b4b1 elementor-widget elementor-widget-image\" data-id=\"811b4b1\" data-element_type=\"widget\" data-widget_type=\"image.default\">\n\t\t\t\t<div class=\"elementor-widget-container\">\n\t\t\t\t\t\t\t\t\t\t\t\t\t\t\t<img loading=\"lazy\" decoding=\"async\" width=\"577\" height=\"205\" src=\"http:\/\/pastorale-scolaire.net\/tournai-secondaire\/wp-content\/uploads\/2020\/06\/logo_vitrail_reduit.jpg\" class=\"attachment-large size-large wp-image-484\" alt=\"\" srcset=\"http:\/\/pastorale-scolaire.net\/tournai-secondaire\/wp-content\/uploads\/2020\/06\/logo_vitrail_reduit.jpg 577w, http:\/\/pastorale-scolaire.net\/tournai-secondaire\/wp-content\/uploads\/2020\/06\/logo_vitrail_reduit-300x107.jpg 300w\" sizes=\"auto, (max-width: 577px) 100vw, 577px\" \/>\t\t\t\t\t\t\t\t\t\t\t\t\t\t\t<\/div>\n\t\t\t\t<\/div>\n\t\t\t\t\t<\/div>\n\t\t<\/div>\n\t\t\t\t\t\t\t<\/div>\n\t\t<\/section>\n\t\t\t\t<section class=\"elementor-section elementor-top-section elementor-element elementor-element-58bf6d1 elementor-section-boxed elementor-section-height-default elementor-section-height-default\" data-id=\"58bf6d1\" data-element_type=\"section\">\n\t\t\t\t\t\t<div class=\"elementor-container elementor-column-gap-default\">\n\t\t\t\t\t<div class=\"elementor-column elementor-col-100 elementor-top-column elementor-element elementor-element-329f0ada\" data-id=\"329f0ada\" data-element_type=\"column\">\n\t\t\t<div class=\"elementor-widget-wrap elementor-element-populated\">\n\t\t\t\t\t\t\t\t<div class=\"elementor-element elementor-element-12d4d859 elementor-widget elementor-widget-text-editor\" data-id=\"12d4d859\" data-element_type=\"widget\" data-widget_type=\"text-editor.default\">\n\t\t\t\t<div class=\"elementor-widget-container\">\n\t\t\t\t\t\t\t<!-- wp:heading -->\n<h3 style=\"text-align: center;\">La Pastorale scolaire : Un chemin de croissance?<\/h3>\n<!-- \/wp:heading --><!-- wp:heading {\"level\":3} -->\n<h4 style=\"text-align: center;\">Derri\u00e8re chaque visage, une Rencontre \u00e0 vivre\u2026<\/h4>\n<!-- \/wp:heading --><!-- wp:paragraph {\"align\":\"center\",\"dropCap\":true} -->\n<p class=\"has-drop-cap has-text-align-center\">\u00ab\u00a0La proposition de la foi a du sens dans la mesure o\u00f9 elle rejoint les personnes l\u00e0 o\u00f9 elles sont. D\u00e8s lors, au c\u0153ur d&rsquo;une pastorale ouverte, bas\u00e9e sur le respect et l&rsquo;\u00e9change des convictions de chacun\u2011e, \u00ab\u00a0proposer la foi\u00a0\u00bb revient \u00e0 proposer des moments et des lieux qui offrent \u00e0 tous les membres de la communaut\u00e9 scolaire (jeunes et adultes) l&rsquo;opportunit\u00e9 d&rsquo;\u00eatre touch\u00e9s, dans leur cheminement, par des exp\u00e9riences vivifiantes de l&rsquo;amour premier, inconditionnel et d\u00e9sint\u00e9ress\u00e9 du Dieu de J\u00e9sus-Christ.\u00a0\u00bb<\/p>\n<!-- \/wp:paragraph --><!-- wp:paragraph {\"align\":\"right\"} -->\n<p class=\"has-text-align-right\"><em>extrait de \u00ab\u00a0Bonne nouvelle \u00e0 l&rsquo;\u00e9cole\u00a0\u00bb<\/em><\/p>\n<!-- \/wp:paragraph --><!-- wp:heading {\"align\":\"left\",\"level\":3} -->\n<h3 class=\"has-text-align-left\">Une \u00e9quipe \u00e0 votre service pour \u2026<\/h3>\n<!-- \/wp:heading --><!-- wp:list -->\n<ul>\n<li style=\"text-align: left;\">accompagner la recherche de sens au sein des \u00e9coles, dans l&rsquo;\u00e9coute et le respect de chacun.<\/li>\n<li style=\"text-align: left;\">sensibiliser les directions et les enseignants aux enjeux d&rsquo;une pastorale capable de soutenir et d&rsquo;animer le projet d&rsquo;\u00e9tablissement.<\/li>\n<li style=\"text-align: left;\">aider \u00e0 la mise en place d&rsquo;une \u00e9quipe pastorale locale et soutenir les \u00e9quipes existantes dans la conception de temps forts, actions de solidarit\u00e9, retraites, c\u00e9l\u00e9brations \u2026<\/li>\n<li style=\"text-align: left;\">\u00e9couter et encourager les personnes relais en pastorale et les mettre en contact avec d\u2019autres enseignants, d\u2019autres \u00e9quipes, d\u2019autres \u00e9coles, \u2026<\/li>\n<li style=\"text-align: left;\">rencontrer les directions et les enseignants, \u00e0 leur demande.<\/li>\n<li style=\"text-align: left;\">proposer des moments d&rsquo;\u00e9change et de partage ainsi que des journ\u00e9es de formation et de ressourcement.<\/li>\n<\/ul>\n<!-- \/wp:list --><!-- wp:heading {\"level\":3} --><!-- \/wp:heading --><!-- wp:paragraph --><!-- \/wp:paragraph -->\t\t\t\t\t\t<\/div>\n\t\t\t\t<\/div>\n\t\t\t\t\t<\/div>\n\t\t<\/div>\n\t\t\t\t\t\t\t<\/div>\n\t\t<\/section>\n\t\t\t\t<section class=\"elementor-section elementor-top-section elementor-element elementor-element-f7ab735 elementor-section-boxed elementor-section-height-default elementor-section-height-default\" data-id=\"f7ab735\" data-element_type=\"section\">\n\t\t\t\t\t\t<div class=\"elementor-container elementor-column-gap-default\">\n\t\t\t\t\t<div class=\"elementor-column elementor-col-100 elementor-top-column elementor-element elementor-element-68777e4\" data-id=\"68777e4\" data-element_type=\"column\">\n\t\t\t<div class=\"elementor-widget-wrap elementor-element-populated\">\n\t\t\t\t\t\t\t\t<div class=\"elementor-element elementor-element-50ed834 elementor-widget elementor-widget-heading\" data-id=\"50ed834\" data-element_type=\"widget\" data-widget_type=\"heading.default\">\n\t\t\t\t<div class=\"elementor-widget-container\">\n\t\t\t<h3 class=\"elementor-heading-title elementor-size-default\">\"Etre \u00e0 l'\u00e9coute des Jeunes en qu\u00eate de sens\"<\/h3>\t\t<\/div>\n\t\t\t\t<\/div>\n\t\t\t\t<div class=\"elementor-element elementor-element-35ec221 elementor-widget elementor-widget-text-editor\" data-id=\"35ec221\" data-element_type=\"widget\" data-widget_type=\"text-editor.default\">\n\t\t\t\t<div class=\"elementor-widget-container\">\n\t\t\t\t\t\t\t<p>En phase avec la vision de la FESeC sur le\u00a0<em>vivre et agir ensemble<\/em>\u00a0:<br \/>\u00ab\u00a0Mettre en place des pratiques innovantes, li\u00e9es \u00e0 l&rsquo;\u00e9coute,<br \/>permettant de dialoguer en v\u00e9rit\u00e9 avec les jeunes d&rsquo;aujourd&rsquo;hui\u00a0\u00bb<\/p>\t\t\t\t\t\t<\/div>\n\t\t\t\t<\/div>\n\t\t\t\t\t<\/div>\n\t\t<\/div>\n\t\t\t\t\t\t\t<\/div>\n\t\t<\/section>\n\t\t\t\t<section class=\"elementor-section elementor-top-section elementor-element elementor-element-a651f21 elementor-section-boxed elementor-section-height-default elementor-section-height-default\" data-id=\"a651f21\" data-element_type=\"section\">\n\t\t\t\t\t\t<div class=\"elementor-container elementor-column-gap-default\">\n\t\t\t\t\t<div class=\"elementor-column elementor-col-100 elementor-top-column elementor-element elementor-element-6df0449\" data-id=\"6df0449\" data-element_type=\"column\">\n\t\t\t<div class=\"elementor-widget-wrap elementor-element-populated\">\n\t\t\t\t\t\t\t\t<div class=\"elementor-element elementor-element-7043317 elementor-widget elementor-widget-image\" data-id=\"7043317\" data-element_type=\"widget\" data-widget_type=\"image.default\">\n\t\t\t\t<div class=\"elementor-widget-container\">\n\t\t\t\t\t\t\t\t\t\t\t\t<figure class=\"wp-caption\">\n\t\t\t\t\t\t\t\t\t\t\t<a href=\"http:\/\/pastorale-scolaire.net\/tournai-secondaire\/notre-fil-rouge-2015-2018-lecoute-des-jeunes\/\">\n\t\t\t\t\t\t\t<img decoding=\"async\" src=\"http:\/\/pastorale-scolaire.net\/tournai-secondaire\/wp-content\/uploads\/elementor\/thumbs\/lb_pjps_grand-orqqidwpa1z8vzcejcolrivxuvzdlthf8edm3yj56i.png\" title=\"lb_pjps_grand\" loading=\"lazy\" \/>\t\t\t\t\t\t\t\t<\/a>\n\t\t\t\t\t\t\t\t\t\t\t<figcaption class=\"widget-image-caption wp-caption-text\">Cliquez sur l'image pour aller sur la page d\u00e9di\u00e9e sp\u00e9cialement au Livre Blanc.<\/figcaption>\n\t\t\t\t\t\t\t\t\t\t<\/figure>\n\t\t\t\t\t\t\t\t\t<\/div>\n\t\t\t\t<\/div>\n\t\t\t\t\t<\/div>\n\t\t<\/div>\n\t\t\t\t\t\t\t<\/div>\n\t\t<\/section>\n\t\t\t\t\t\t\t<\/div>\n\t\t","protected":false},"excerpt":{"rendered":"<p>Equipe de la Pastorale scolaire du dioc\u00e8se de Tournai La Pastorale scolaire : Un chemin de croissance? Derri\u00e8re chaque visage, une Rencontre \u00e0 vivre\u2026 \u00ab\u00a0La proposition de la foi a du sens dans la mesure o\u00f9 elle rejoint les personnes l\u00e0 o\u00f9 elles sont. D\u00e8s lors, au c\u0153ur d&rsquo;une pastorale ouverte, bas\u00e9e sur le respect [&hellip;]<\/p>\n","protected":false},"author":1,"featured_media":484,"parent":0,"menu_order":0,"comment_status":"closed","ping_status":"closed","template":"","meta":{"ocean_post_layout":"","ocean_both_sidebars_style":"","ocean_both_sidebars_content_width":0,"ocean_both_sidebars_sidebars_width":0,"ocean_sidebar":"0","ocean_second_sidebar":"0","ocean_disable_margins":"enable","ocean_add_body_class":"","ocean_shortcode_before_top_bar":"","ocean_shortcode_after_top_bar":"","ocean_shortcode_before_header":"","ocean_shortcode_after_header":"","ocean_has_shortcode":"","ocean_shortcode_after_title":"","ocean_shortcode_before_footer_widgets":"","ocean_shortcode_after_footer_widgets":"","ocean_shortcode_before_footer_bottom":"","ocean_shortcode_after_footer_bottom":"","ocean_display_top_bar":"default","ocean_display_header":"default","ocean_header_style":"","ocean_center_header_left_menu":"0","ocean_custom_header_template":"0","ocean_custom_logo":0,"ocean_custom_retina_logo":0,"ocean_custom_logo_max_width":0,"ocean_custom_logo_tablet_max_width":0,"ocean_custom_logo_mobile_max_width":0,"ocean_custom_logo_max_height":0,"ocean_custom_logo_tablet_max_height":0,"ocean_custom_logo_mobile_max_height":0,"ocean_header_custom_menu":"0","ocean_menu_typo_font_family":"0","ocean_menu_typo_font_subset":"","ocean_menu_typo_font_size":0,"ocean_menu_typo_font_size_tablet":0,"ocean_menu_typo_font_size_mobile":0,"ocean_menu_typo_font_size_unit":"px","ocean_menu_typo_font_weight":"","ocean_menu_typo_font_weight_tablet":"","ocean_menu_typo_font_weight_mobile":"","ocean_menu_typo_transform":"","ocean_menu_typo_transform_tablet":"","ocean_menu_typo_transform_mobile":"","ocean_menu_typo_line_height":0,"ocean_menu_typo_line_height_tablet":0,"ocean_menu_typo_line_height_mobile":0,"ocean_menu_typo_line_height_unit":"","ocean_menu_typo_spacing":0,"ocean_menu_typo_spacing_tablet":0,"ocean_menu_typo_spacing_mobile":0,"ocean_menu_typo_spacing_unit":"","ocean_menu_link_color":"","ocean_menu_link_color_hover":"","ocean_menu_link_color_active":"","ocean_menu_link_background":"","ocean_menu_link_hover_background":"","ocean_menu_link_active_background":"","ocean_menu_social_links_bg":"","ocean_menu_social_hover_links_bg":"","ocean_menu_social_links_color":"","ocean_menu_social_hover_links_color":"","ocean_disable_title":"default","ocean_disable_heading":"default","ocean_post_title":"","ocean_post_subheading":"","ocean_post_title_style":"","ocean_post_title_background_color":"","ocean_post_title_background":0,"ocean_post_title_bg_image_position":"","ocean_post_title_bg_image_attachment":"","ocean_post_title_bg_image_repeat":"","ocean_post_title_bg_image_size":"","ocean_post_title_height":0,"ocean_post_title_bg_overlay":0.5,"ocean_post_title_bg_overlay_color":"","ocean_disable_breadcrumbs":"default","ocean_breadcrumbs_color":"","ocean_breadcrumbs_separator_color":"","ocean_breadcrumbs_links_color":"","ocean_breadcrumbs_links_hover_color":"","ocean_display_footer_widgets":"default","ocean_display_footer_bottom":"default","ocean_custom_footer_template":"0","footnotes":""},"class_list":["post-26","page","type-page","status-publish","has-post-thumbnail","hentry","entry","has-media"],"_links":{"self":[{"href":"http:\/\/pastorale-scolaire.net\/tournai-secondaire\/wp-json\/wp\/v2\/pages\/26","targetHints":{"allow":["GET"]}}],"collection":[{"href":"http:\/\/pastorale-scolaire.net\/tournai-secondaire\/wp-json\/wp\/v2\/pages"}],"about":[{"href":"http:\/\/pastorale-scolaire.net\/tournai-secondaire\/wp-json\/wp\/v2\/types\/page"}],"author":[{"embeddable":true,"href":"http:\/\/pastorale-scolaire.net\/tournai-secondaire\/wp-json\/wp\/v2\/users\/1"}],"replies":[{"embeddable":true,"href":"http:\/\/pastorale-scolaire.net\/tournai-secondaire\/wp-json\/wp\/v2\/comments?post=26"}],"version-history":[{"count":0,"href":"http:\/\/pastorale-scolaire.net\/tournai-secondaire\/wp-json\/wp\/v2\/pages\/26\/revisions"}],"wp:featuredmedia":[{"embeddable":true,"href":"http:\/\/pastorale-scolaire.net\/tournai-secondaire\/wp-json\/wp\/v2\/media\/484"}],"wp:attachment":[{"href":"http:\/\/pastorale-scolaire.net\/tournai-secondaire\/wp-json\/wp\/v2\/media?parent=26"}],"curies":[{"name":"wp","href":"https:\/\/api.w.org\/{rel}","templated":true}]}}